{"id":27,"date":"2025-05-11T16:43:47","date_gmt":"2025-05-11T14:43:47","guid":{"rendered":"https:\/\/agrolinebusiness.com\/?page_id=27"},"modified":"2025-06-04T15:44:56","modified_gmt":"2025-06-04T13:44:56","slug":"medias-blog","status":"publish","type":"page","link":"https:\/\/agrolinebusiness.com\/en\/medias-blog\/","title":{"rendered":"M\u00e9dias\/Blog"},"content":{"rendered":"<div data-elementor-type=\"wp-page\" data-elementor-id=\"27\" class=\"elementor elementor-27\" data-elementor-post-type=\"page\">\n\t\t\t\t<div class=\"elementor-element elementor-element-ef08649 e-flex e-con-boxed e-con e-parent\" data-id=\"ef08649\" data-element_type=\"container\" data-settings=\"{&quot;background_background&quot;:&quot;classic&quot;,&quot;shape_divider_bottom&quot;:&quot;opacity-tilt&quot;}\">\n\t\t\t\t\t<div class=\"e-con-inner\">\n\t\t\t\t<div class=\"elementor-shape elementor-shape-bottom\" data-negative=\"false\">\n\t\t\t<svg xmlns=\"http:\/\/www.w3.org\/2000\/svg\" viewbox=\"0 0 2600 131.1\" preserveaspectratio=\"none\">\n\t<path class=\"elementor-shape-fill\" d=\"M0 0L2600 0 2600 69.1 0 0z\"\/>\n\t<path class=\"elementor-shape-fill\" style=\"opacity:0.5\" d=\"M0 0L2600 0 2600 69.1 0 69.1z\"\/>\n\t<path class=\"elementor-shape-fill\" style=\"opacity:0.25\" d=\"M2600 0L0 0 0 130.1 2600 69.1z\"\/>\n<\/svg>\t\t<\/div>\n\t\t\t\t<div class=\"elementor-element elementor-element-57d012a elementor-widget elementor-widget-heading\" data-id=\"57d012a\" data-element_type=\"widget\" data-widget_type=\"heading.default\">\n\t\t\t\t<div class=\"elementor-widget-container\">\n\t\t\t\t\t<h2 class=\"elementor-heading-title elementor-size-default\"> L\u2019agriculture et l\u2019\u00e9levage innovante en action<\/h2>\t\t\t\t<\/div>\n\t\t\t\t<\/div>\n\t\t\t\t\t<\/div>\n\t\t\t\t<\/div>\n\t\t<div class=\"elementor-element elementor-element-813eb69 e-flex e-con-boxed e-con e-parent\" data-id=\"813eb69\" data-element_type=\"container\">\n\t\t\t\t\t<div class=\"e-con-inner\">\n\t\t\t\t<div class=\"elementor-element elementor-element-62784c2 elementor-widget elementor-widget-text-editor\" data-id=\"62784c2\" data-element_type=\"widget\" data-widget_type=\"text-editor.default\">\n\t\t\t\t<div class=\"elementor-widget-container\">\n\t\t\t\t\t\t\t\t\t<p>Bienvenue dans notre espace M\u00e9dias &amp; Blog, la vitrine de nos activit\u00e9s, d\u00e9couvertes, \u00e9v\u00e9nements et bonnes pratiques Agricoles. \u00c0 travers des articles, des reportages photo et des vid\u00e9os immersives, plongez au c\u0153ur de nos exploitations, suivez nos campagnes agricoles, nos innovations en mati\u00e8re de transformation agroalimentaire et nos actions pour un \u00e9levage durable.<br \/>\u00a0Ici, vous trouverez \u00e9galement les t\u00e9moignages de nos partenaires, visiteurs et \u00e9quipes.<\/p>\t\t\t\t\t\t\t\t<\/div>\n\t\t\t\t<\/div>\n\t\t\t\t\t<\/div>\n\t\t\t\t<\/div>\n\t\t<div class=\"elementor-element elementor-element-2b064e1 e-flex e-con-boxed e-con e-parent\" data-id=\"2b064e1\" data-element_type=\"container\">\n\t\t\t\t\t<div class=\"e-con-inner\">\n\t\t<div class=\"elementor-element elementor-element-ad23161 e-con-full e-flex e-con e-child\" data-id=\"ad23161\" data-element_type=\"container\">\n\t\t\t\t<div class=\"elementor-element elementor-element-4ead846 elementor-position-top elementor-widget elementor-widget-image-box\" data-id=\"4ead846\" data-element_type=\"widget\" data-widget_type=\"image-box.default\">\n\t\t\t\t<div class=\"elementor-widget-container\">\n\t\t\t\t\t<div class=\"elementor-image-box-wrapper\"><figure class=\"elementor-image-box-img\"><a href=\"https:\/\/agrolinebusiness.com\/en\/2025\/05\/26\/%f0%9f%8e%89-journees-portes-ouvertes-a-la-ferme-agro-line-business-%f0%9f%8c%b1\/\" tabindex=\"-1\"><img fetchpriority=\"high\" decoding=\"async\" width=\"2560\" height=\"2560\" src=\"https:\/\/agrolinebusiness.com\/wp-content\/uploads\/2025\/05\/904380e8-ab05-46f9-a34f-c8358998a84d.jpg\" class=\"elementor-animation-grow attachment-full size-full wp-image-404\" alt=\"\" srcset=\"https:\/\/agrolinebusiness.com\/wp-content\/uploads\/2025\/05\/904380e8-ab05-46f9-a34f-c8358998a84d.jpg 2560w, https:\/\/agrolinebusiness.com\/wp-content\/uploads\/2025\/05\/904380e8-ab05-46f9-a34f-c8358998a84d-300x300.jpg 300w, https:\/\/agrolinebusiness.com\/wp-content\/uploads\/2025\/05\/904380e8-ab05-46f9-a34f-c8358998a84d-1024x1024.jpg 1024w, https:\/\/agrolinebusiness.com\/wp-content\/uploads\/2025\/05\/904380e8-ab05-46f9-a34f-c8358998a84d-150x150.jpg 150w, https:\/\/agrolinebusiness.com\/wp-content\/uploads\/2025\/05\/904380e8-ab05-46f9-a34f-c8358998a84d-768x768.jpg 768w, https:\/\/agrolinebusiness.com\/wp-content\/uploads\/2025\/05\/904380e8-ab05-46f9-a34f-c8358998a84d-1536x1536.jpg 1536w, https:\/\/agrolinebusiness.com\/wp-content\/uploads\/2025\/05\/904380e8-ab05-46f9-a34f-c8358998a84d-2048x2048.jpg 2048w, https:\/\/agrolinebusiness.com\/wp-content\/uploads\/2025\/05\/904380e8-ab05-46f9-a34f-c8358998a84d-12x12.jpg 12w\" sizes=\"(max-width: 2560px) 100vw, 2560px\" \/><\/a><\/figure><div class=\"elementor-image-box-content\"><h3 class=\"elementor-image-box-title\"><a href=\"https:\/\/agrolinebusiness.com\/en\/2025\/05\/26\/%f0%9f%8e%89-journees-portes-ouvertes-a-la-ferme-agro-line-business-%f0%9f%8c%b1\/\">\ud83c\udf4d VENEZ R\u00c9COLTER L\u2019ANANAS !<\/a><\/h3><p class=\"elementor-image-box-description\">\ud83c\udf89 JOURN\u00c9ES PORTES OUVERTES \u00c0 LA FERME AGRO LINE BUSINESS \ud83c\udf31\n\ud83d\udccd Tassette, Thi\u00e8s \u2013 Du 26 mai au 1er juin 2025\n\n\u2728 Envie d\u2019une exp\u00e9rience originale, enrichissante et gourmande ?<\/p><\/div><\/div>\t\t\t\t<\/div>\n\t\t\t\t<\/div>\n\t\t\t\t<\/div>\n\t\t<div class=\"elementor-element elementor-element-4aec839 e-con-full e-flex e-con e-child\" data-id=\"4aec839\" data-element_type=\"container\">\n\t\t\t\t<div class=\"elementor-element elementor-element-15890c0 elementor-position-top elementor-widget elementor-widget-image-box\" data-id=\"15890c0\" data-element_type=\"widget\" data-widget_type=\"image-box.default\">\n\t\t\t\t<div class=\"elementor-widget-container\">\n\t\t\t\t\t<div class=\"elementor-image-box-wrapper\"><figure class=\"elementor-image-box-img\"><a href=\"https:\/\/agrolinebusiness.com\/en\/2025\/06\/04\/visite-du-ministre-de-lagriculture\/\" tabindex=\"-1\"><img decoding=\"async\" width=\"1600\" height=\"1065\" src=\"https:\/\/agrolinebusiness.com\/wp-content\/uploads\/2025\/06\/f070ea31-14df-463c-8fdf-4f0eb843333a.jpg\" class=\"elementor-animation-grow attachment-full size-full wp-image-512\" alt=\"\" srcset=\"https:\/\/agrolinebusiness.com\/wp-content\/uploads\/2025\/06\/f070ea31-14df-463c-8fdf-4f0eb843333a.jpg 1600w, https:\/\/agrolinebusiness.com\/wp-content\/uploads\/2025\/06\/f070ea31-14df-463c-8fdf-4f0eb843333a-300x200.jpg 300w, https:\/\/agrolinebusiness.com\/wp-content\/uploads\/2025\/06\/f070ea31-14df-463c-8fdf-4f0eb843333a-1024x682.jpg 1024w, https:\/\/agrolinebusiness.com\/wp-content\/uploads\/2025\/06\/f070ea31-14df-463c-8fdf-4f0eb843333a-768x511.jpg 768w, https:\/\/agrolinebusiness.com\/wp-content\/uploads\/2025\/06\/f070ea31-14df-463c-8fdf-4f0eb843333a-1536x1022.jpg 1536w, https:\/\/agrolinebusiness.com\/wp-content\/uploads\/2025\/06\/f070ea31-14df-463c-8fdf-4f0eb843333a-18x12.jpg 18w\" sizes=\"(max-width: 1600px) 100vw, 1600px\" \/><\/a><\/figure><div class=\"elementor-image-box-content\"><h3 class=\"elementor-image-box-title\"><a href=\"https:\/\/agrolinebusiness.com\/en\/2025\/06\/04\/visite-du-ministre-de-lagriculture\/\">Visite du ministre de l\u2019agriculture<\/a><\/h3><\/div><\/div>\t\t\t\t<\/div>\n\t\t\t\t<\/div>\n\t\t\t\t<\/div>\n\t\t<div class=\"elementor-element elementor-element-3db3e72 e-con-full e-flex e-con e-child\" data-id=\"3db3e72\" data-element_type=\"container\">\n\t\t\t\t<\/div>\n\t\t\t\t\t<\/div>\n\t\t\t\t<\/div>\n\t\t\t\t<\/div>","protected":false},"excerpt":{"rendered":"<p>L\u2019agriculture et l\u2019\u00e9levage innovante en action Bienvenue dans notre espace M\u00e9dias &amp; Blog, la vitrine de nos activit\u00e9s, d\u00e9couvertes, \u00e9v\u00e9nements [&hellip;]<\/p>","protected":false},"author":1,"featured_media":0,"parent":0,"menu_order":0,"comment_status":"closed","ping_status":"closed","template":"","meta":{"site-sidebar-layout":"no-sidebar","site-content-layout":"","ast-site-content-layout":"full-width-container","site-content-style":"default","site-sidebar-style":"default","ast-global-header-display":"","ast-banner-title-visibility":"","ast-main-header-display":"","ast-hfb-above-header-display":"","ast-hfb-below-header-display":"","ast-hfb-mobile-header-display":"","site-post-title":"disabled","ast-breadcrumbs-content":"","ast-featured-img":"disabled","footer-sml-layout":"","theme-transparent-header-meta":"disabled","adv-header-id-meta":"","stick-header-meta":"","header-above-stick-meta":"","header-main-stick-meta":"","header-below-stick-meta":"","astra-migrate-meta-layouts":"default","ast-page-background-enabled":"default","ast-page-background-meta":{"desktop":{"background-color":"var(--ast-global-color-5)","background-image":"","background-repeat":"repeat","background-position":"center center","background-size":"auto","background-attachment":"scroll","background-type":"","background-media":"","overlay-type":"","overlay-color":"","overlay-opacity":"","overlay-gradient":""},"tablet":{"background-color":"","background-image":"","background-repeat":"repeat","background-position":"center center","background-size":"auto","background-attachment":"scroll","background-type":"","background-media":"","overlay-type":"","overlay-color":"","overlay-opacity":"","overlay-gradient":""},"mobile":{"background-color":"","background-image":"","background-repeat":"repeat","background-position":"center center","background-size":"auto","background-attachment":"scroll","background-type":"","background-media":"","overlay-type":"","overlay-color":"","overlay-opacity":"","overlay-gradient":""}},"ast-content-background-meta":{"desktop":{"background-color":"var(--ast-global-color-4)","background-image":"","background-repeat":"repeat","background-position":"center center","background-size":"auto","background-attachment":"scroll","background-type":"","background-media":"","overlay-type":"","overlay-color":"","overlay-opacity":"","overlay-gradient":""},"tablet":{"background-color":"var(--ast-global-color-4)","background-image":"","background-repeat":"repeat","background-position":"center center","background-size":"auto","background-attachment":"scroll","background-type":"","background-media":"","overlay-type":"","overlay-color":"","overlay-opacity":"","overlay-gradient":""},"mobile":{"background-color":"var(--ast-global-color-4)","background-image":"","background-repeat":"repeat","background-position":"center center","background-size":"auto","background-attachment":"scroll","background-type":"","background-media":"","overlay-type":"","overlay-color":"","overlay-opacity":"","overlay-gradient":""}},"footnotes":""},"class_list":["post-27","page","type-page","status-publish","hentry"],"yoast_head":"<!-- This site is optimized with the Yoast SEO plugin v25.1 - https:\/\/yoast.com\/wordpress\/plugins\/seo\/ -->\n<title>M\u00e9dias\/Blog -<\/title>\n<meta name=\"robots\" content=\"index, follow, max-snippet:-1, max-image-preview:large, max-video-preview:-1\" \/>\n<link rel=\"canonical\" href=\"https:\/\/agrolinebusiness.com\/en\/medias-blog\/\" \/>\n<meta property=\"og:locale\" content=\"en_US\" \/>\n<meta property=\"og:type\" content=\"article\" \/>\n<meta property=\"og:title\" content=\"M\u00e9dias\/Blog -\" \/>\n<meta property=\"og:description\" content=\"L\u2019agriculture et l\u2019\u00e9levage innovante en action Bienvenue dans notre espace M\u00e9dias &amp; Blog, la vitrine de nos activit\u00e9s, d\u00e9couvertes, \u00e9v\u00e9nements [&hellip;]\" \/>\n<meta property=\"og:url\" content=\"https:\/\/agrolinebusiness.com\/en\/medias-blog\/\" \/>\n<meta property=\"article:modified_time\" content=\"2025-06-04T13:44:56+00:00\" \/>\n<meta property=\"og:image\" content=\"https:\/\/agrolinebusiness.com\/wp-content\/uploads\/2025\/05\/904380e8-ab05-46f9-a34f-c8358998a84d.jpg\" \/>\n\t<meta property=\"og:image:width\" content=\"2560\" \/>\n\t<meta property=\"og:image:height\" content=\"2560\" \/>\n\t<meta property=\"og:image:type\" content=\"image\/jpeg\" \/>\n<meta name=\"twitter:card\" content=\"summary_large_image\" \/>\n<meta name=\"twitter:label1\" content=\"Est. reading time\" \/>\n\t<meta name=\"twitter:data1\" content=\"2 minutes\" \/>\n<script type=\"application\/ld+json\" class=\"yoast-schema-graph\">{\"@context\":\"https:\/\/schema.org\",\"@graph\":[{\"@type\":\"WebPage\",\"@id\":\"https:\/\/agrolinebusiness.com\/medias-blog\/\",\"url\":\"https:\/\/agrolinebusiness.com\/medias-blog\/\",\"name\":\"M\u00e9dias\/Blog -\",\"isPartOf\":{\"@id\":\"https:\/\/agrolinebusiness.com\/#website\"},\"primaryImageOfPage\":{\"@id\":\"https:\/\/agrolinebusiness.com\/medias-blog\/#primaryimage\"},\"image\":{\"@id\":\"https:\/\/agrolinebusiness.com\/medias-blog\/#primaryimage\"},\"thumbnailUrl\":\"https:\/\/agrolinebusiness.com\/wp-content\/uploads\/2025\/05\/904380e8-ab05-46f9-a34f-c8358998a84d.jpg\",\"datePublished\":\"2025-05-11T14:43:47+00:00\",\"dateModified\":\"2025-06-04T13:44:56+00:00\",\"breadcrumb\":{\"@id\":\"https:\/\/agrolinebusiness.com\/medias-blog\/#breadcrumb\"},\"inLanguage\":\"en-US\",\"potentialAction\":[{\"@type\":\"ReadAction\",\"target\":[\"https:\/\/agrolinebusiness.com\/medias-blog\/\"]}]},{\"@type\":\"ImageObject\",\"inLanguage\":\"en-US\",\"@id\":\"https:\/\/agrolinebusiness.com\/medias-blog\/#primaryimage\",\"url\":\"https:\/\/agrolinebusiness.com\/wp-content\/uploads\/2025\/05\/904380e8-ab05-46f9-a34f-c8358998a84d.jpg\",\"contentUrl\":\"https:\/\/agrolinebusiness.com\/wp-content\/uploads\/2025\/05\/904380e8-ab05-46f9-a34f-c8358998a84d.jpg\"},{\"@type\":\"BreadcrumbList\",\"@id\":\"https:\/\/agrolinebusiness.com\/medias-blog\/#breadcrumb\",\"itemListElement\":[{\"@type\":\"ListItem\",\"position\":1,\"name\":\"Accueil\",\"item\":\"https:\/\/agrolinebusiness.com\/\"},{\"@type\":\"ListItem\",\"position\":2,\"name\":\"M\u00e9dias\/Blog\"}]},{\"@type\":\"WebSite\",\"@id\":\"https:\/\/agrolinebusiness.com\/#website\",\"url\":\"https:\/\/agrolinebusiness.com\/\",\"name\":\"\",\"description\":\"\",\"potentialAction\":[{\"@type\":\"SearchAction\",\"target\":{\"@type\":\"EntryPoint\",\"urlTemplate\":\"https:\/\/agrolinebusiness.com\/?s={search_term_string}\"},\"query-input\":{\"@type\":\"PropertyValueSpecification\",\"valueRequired\":true,\"valueName\":\"search_term_string\"}}],\"inLanguage\":\"en-US\"}]}<\/script>\n<!-- \/ Yoast SEO plugin. -->","yoast_head_json":{"title":"M\u00e9dias\/Blog -","robots":{"index":"index","follow":"follow","max-snippet":"max-snippet:-1","max-image-preview":"max-image-preview:large","max-video-preview":"max-video-preview:-1"},"canonical":"https:\/\/agrolinebusiness.com\/en\/medias-blog\/","og_locale":"en_US","og_type":"article","og_title":"M\u00e9dias\/Blog -","og_description":"L\u2019agriculture et l\u2019\u00e9levage innovante en action Bienvenue dans notre espace M\u00e9dias &amp; Blog, la vitrine de nos activit\u00e9s, d\u00e9couvertes, \u00e9v\u00e9nements [&hellip;]","og_url":"https:\/\/agrolinebusiness.com\/en\/medias-blog\/","article_modified_time":"2025-06-04T13:44:56+00:00","og_image":[{"width":2560,"height":2560,"url":"https:\/\/agrolinebusiness.com\/wp-content\/uploads\/2025\/05\/904380e8-ab05-46f9-a34f-c8358998a84d.jpg","type":"image\/jpeg"}],"twitter_card":"summary_large_image","twitter_misc":{"Est. reading time":"2 minutes"},"schema":{"@context":"https:\/\/schema.org","@graph":[{"@type":"WebPage","@id":"https:\/\/agrolinebusiness.com\/medias-blog\/","url":"https:\/\/agrolinebusiness.com\/medias-blog\/","name":"M\u00e9dias\/Blog -","isPartOf":{"@id":"https:\/\/agrolinebusiness.com\/#website"},"primaryImageOfPage":{"@id":"https:\/\/agrolinebusiness.com\/medias-blog\/#primaryimage"},"image":{"@id":"https:\/\/agrolinebusiness.com\/medias-blog\/#primaryimage"},"thumbnailUrl":"https:\/\/agrolinebusiness.com\/wp-content\/uploads\/2025\/05\/904380e8-ab05-46f9-a34f-c8358998a84d.jpg","datePublished":"2025-05-11T14:43:47+00:00","dateModified":"2025-06-04T13:44:56+00:00","breadcrumb":{"@id":"https:\/\/agrolinebusiness.com\/medias-blog\/#breadcrumb"},"inLanguage":"en-US","potentialAction":[{"@type":"ReadAction","target":["https:\/\/agrolinebusiness.com\/medias-blog\/"]}]},{"@type":"ImageObject","inLanguage":"en-US","@id":"https:\/\/agrolinebusiness.com\/medias-blog\/#primaryimage","url":"https:\/\/agrolinebusiness.com\/wp-content\/uploads\/2025\/05\/904380e8-ab05-46f9-a34f-c8358998a84d.jpg","contentUrl":"https:\/\/agrolinebusiness.com\/wp-content\/uploads\/2025\/05\/904380e8-ab05-46f9-a34f-c8358998a84d.jpg"},{"@type":"BreadcrumbList","@id":"https:\/\/agrolinebusiness.com\/medias-blog\/#breadcrumb","itemListElement":[{"@type":"ListItem","position":1,"name":"Accueil","item":"https:\/\/agrolinebusiness.com\/"},{"@type":"ListItem","position":2,"name":"M\u00e9dias\/Blog"}]},{"@type":"WebSite","@id":"https:\/\/agrolinebusiness.com\/#website","url":"https:\/\/agrolinebusiness.com\/","name":"","description":"","potentialAction":[{"@type":"SearchAction","target":{"@type":"EntryPoint","urlTemplate":"https:\/\/agrolinebusiness.com\/?s={search_term_string}"},"query-input":{"@type":"PropertyValueSpecification","valueRequired":true,"valueName":"search_term_string"}}],"inLanguage":"en-US"}]}},"_links":{"self":[{"href":"https:\/\/agrolinebusiness.com\/en\/wp-json\/wp\/v2\/pages\/27","targetHints":{"allow":["GET"]}}],"collection":[{"href":"https:\/\/agrolinebusiness.com\/en\/wp-json\/wp\/v2\/pages"}],"about":[{"href":"https:\/\/agrolinebusiness.com\/en\/wp-json\/wp\/v2\/types\/page"}],"author":[{"embeddable":true,"href":"https:\/\/agrolinebusiness.com\/en\/wp-json\/wp\/v2\/users\/1"}],"replies":[{"embeddable":true,"href":"https:\/\/agrolinebusiness.com\/en\/wp-json\/wp\/v2\/comments?post=27"}],"version-history":[{"count":27,"href":"https:\/\/agrolinebusiness.com\/en\/wp-json\/wp\/v2\/pages\/27\/revisions"}],"predecessor-version":[{"id":521,"href":"https:\/\/agrolinebusiness.com\/en\/wp-json\/wp\/v2\/pages\/27\/revisions\/521"}],"wp:attachment":[{"href":"https:\/\/agrolinebusiness.com\/en\/wp-json\/wp\/v2\/media?parent=27"}],"curies":[{"name":"wp","href":"https:\/\/api.w.org\/{rel}","templated":true}]}}